{"id":174,"date":"2025-06-03T13:18:26","date_gmt":"2025-06-03T11:18:26","guid":{"rendered":"https:\/\/couture-sch.fr\/?page_id=174"},"modified":"2026-04-06T13:01:09","modified_gmt":"2026-04-06T11:01:09","slug":"actualites","status":"publish","type":"page","link":"https:\/\/couture-sch.fr\/index.php\/actualites\/","title":{"rendered":"Actualit\u00e9s\/ Blog"},"content":{"rendered":"\n<p>Depuis peu de temps \u00e0 la boutique \u00ab\u00a0D\u00e9s Ateliers\u00a0\u00bb  nos stages couture, broderie et ceux des intervaenants ext\u00e9rieur, pour les vacances scolaires o\u00f9 les temps particulier sont r\u00e9servable sur <a href=\"https:\/\/desateliers.addock.co\/\">cette page <\/a> d\u00e9di\u00e9 .<\/p>\n\n\n\n<p>Je serai \u00e0 la boutique D\u00e9s Ateliers la deuxi\u00e9me semaine, voici notre programme pour les vacances d&rsquo;hiver 2026 <\/p>\n\n\n\n<figure class=\"wp-block-image size-large\"><img decoding=\"async\" width=\"724\" height=\"1024\" data-src=\"https:\/\/couture-sch.fr\/wp-content\/uploads\/2026\/01\/vacances-hiver-25-26-724x1024.png\" alt=\"\" class=\"wp-image-461 lazyload\" data-srcset=\"https:\/\/couture-sch.fr\/wp-content\/uploads\/2026\/01\/vacances-hiver-25-26-724x1024.png 724w, https:\/\/couture-sch.fr\/wp-content\/uploads\/2026\/01\/vacances-hiver-25-26-212x300.png 212w, https:\/\/couture-sch.fr\/wp-content\/uploads\/2026\/01\/vacances-hiver-25-26-768x1086.png 768w, https:\/\/couture-sch.fr\/wp-content\/uploads\/2026\/01\/vacances-hiver-25-26-1086x1536.png 1086w, https:\/\/couture-sch.fr\/wp-content\/uploads\/2026\/01\/vacances-hiver-25-26-1448x2048.png 1448w, https:\/\/couture-sch.fr\/wp-content\/uploads\/2026\/01\/vacances-hiver-25-26.png 1587w\" data-sizes=\"(max-width: 724px) 100vw, 724px\" src=\"data:image\/svg+xml;base64,PHN2ZyB3aWR0aD0iMSIgaGVpZ2h0PSIxIiB4bWxucz0iaHR0cDovL3d3dy53My5vcmcvMjAwMC9zdmciPjwvc3ZnPg==\" style=\"--smush-placeholder-width: 724px; --smush-placeholder-aspect-ratio: 724\/1024;\" \/><\/figure>\n\n\n\n<figure class=\"wp-block-image size-large\"><img decoding=\"async\" width=\"1024\" height=\"726\" data-src=\"https:\/\/couture-sch.fr\/wp-content\/uploads\/2026\/01\/Carte-de-Voeux-Bonne-annee-2026-Illustratif-Minimaliste-Marron-Beige-1024x726.png\" alt=\"\" class=\"wp-image-447 lazyload\" data-srcset=\"https:\/\/couture-sch.fr\/wp-content\/uploads\/2026\/01\/Carte-de-Voeux-Bonne-annee-2026-Illustratif-Minimaliste-Marron-Beige-1024x726.png 1024w, https:\/\/couture-sch.fr\/wp-content\/uploads\/2026\/01\/Carte-de-Voeux-Bonne-annee-2026-Illustratif-Minimaliste-Marron-Beige-300x213.png 300w, https:\/\/couture-sch.fr\/wp-content\/uploads\/2026\/01\/Carte-de-Voeux-Bonne-annee-2026-Illustratif-Minimaliste-Marron-Beige-768x545.png 768w, https:\/\/couture-sch.fr\/wp-content\/uploads\/2026\/01\/Carte-de-Voeux-Bonne-annee-2026-Illustratif-Minimaliste-Marron-Beige-1536x1090.png 1536w, https:\/\/couture-sch.fr\/wp-content\/uploads\/2026\/01\/Carte-de-Voeux-Bonne-annee-2026-Illustratif-Minimaliste-Marron-Beige-359x255.png 359w, https:\/\/couture-sch.fr\/wp-content\/uploads\/2026\/01\/Carte-de-Voeux-Bonne-annee-2026-Illustratif-Minimaliste-Marron-Beige.png 1748w\" data-sizes=\"(max-width: 1024px) 100vw, 1024px\" src=\"data:image\/svg+xml;base64,PHN2ZyB3aWR0aD0iMSIgaGVpZ2h0PSIxIiB4bWxucz0iaHR0cDovL3d3dy53My5vcmcvMjAwMC9zdmciPjwvc3ZnPg==\" style=\"--smush-placeholder-width: 1024px; --smush-placeholder-aspect-ratio: 1024\/726;\" \/><\/figure>\n\n\n\n<figure class=\"wp-block-image size-large\"><img decoding=\"async\" width=\"1024\" height=\"724\" data-src=\"https:\/\/couture-sch.fr\/wp-content\/uploads\/2026\/01\/planning-20252026-1024x724.png\" alt=\"\" class=\"wp-image-445 lazyload\" data-srcset=\"https:\/\/couture-sch.fr\/wp-content\/uploads\/2026\/01\/planning-20252026-1024x724.png 1024w, https:\/\/couture-sch.fr\/wp-content\/uploads\/2026\/01\/planning-20252026-300x212.png 300w, https:\/\/couture-sch.fr\/wp-content\/uploads\/2026\/01\/planning-20252026-768x543.png 768w, https:\/\/couture-sch.fr\/wp-content\/uploads\/2026\/01\/planning-20252026-1536x1086.png 1536w, https:\/\/couture-sch.fr\/wp-content\/uploads\/2026\/01\/planning-20252026-359x254.png 359w, https:\/\/couture-sch.fr\/wp-content\/uploads\/2026\/01\/planning-20252026.png 2000w\" data-sizes=\"(max-width: 1024px) 100vw, 1024px\" src=\"data:image\/svg+xml;base64,PHN2ZyB3aWR0aD0iMSIgaGVpZ2h0PSIxIiB4bWxucz0iaHR0cDovL3d3dy53My5vcmcvMjAwMC9zdmciPjwvc3ZnPg==\" style=\"--smush-placeholder-width: 1024px; --smush-placeholder-aspect-ratio: 1024\/724;\" \/><figcaption class=\"wp-element-caption\">Nouveaut\u00e9 \u00e0 partir de Janvier j&rsquo;interviendrai en p\u00e9riscolaire \u00e0 l&rsquo;\u00e9cole Sainte Marie \u00e0 Annecy, les mardis de 16h45 \u00e0 17h45<\/figcaption><\/figure>\n\n\n\n<figure class=\"wp-block-image size-large\"><img decoding=\"async\" width=\"724\" height=\"1024\" data-src=\"https:\/\/couture-sch.fr\/wp-content\/uploads\/2025\/09\/stage-de-toussaint-2025-724x1024.jpg\" alt=\"\" class=\"wp-image-417 lazyload\" data-srcset=\"https:\/\/couture-sch.fr\/wp-content\/uploads\/2025\/09\/stage-de-toussaint-2025-724x1024.jpg 724w, https:\/\/couture-sch.fr\/wp-content\/uploads\/2025\/09\/stage-de-toussaint-2025-212x300.jpg 212w, https:\/\/couture-sch.fr\/wp-content\/uploads\/2025\/09\/stage-de-toussaint-2025-768x1086.jpg 768w, https:\/\/couture-sch.fr\/wp-content\/uploads\/2025\/09\/stage-de-toussaint-2025-1086x1536.jpg 1086w, https:\/\/couture-sch.fr\/wp-content\/uploads\/2025\/09\/stage-de-toussaint-2025-1448x2048.jpg 1448w, https:\/\/couture-sch.fr\/wp-content\/uploads\/2025\/09\/stage-de-toussaint-2025.jpg 1587w\" data-sizes=\"(max-width: 724px) 100vw, 724px\" src=\"data:image\/svg+xml;base64,PHN2ZyB3aWR0aD0iMSIgaGVpZ2h0PSIxIiB4bWxucz0iaHR0cDovL3d3dy53My5vcmcvMjAwMC9zdmciPjwvc3ZnPg==\" style=\"--smush-placeholder-width: 724px; --smush-placeholder-aspect-ratio: 724\/1024;\" \/><\/figure>\n\n\n\n<figure class=\"wp-block-image size-large is-resized\"><img decoding=\"async\" width=\"819\" height=\"1024\" data-src=\"https:\/\/couture-sch.fr\/wp-content\/uploads\/2025\/08\/STAGE-POLOCHON-819x1024.png\" alt=\"\" class=\"wp-image-379 lazyload\" style=\"--smush-placeholder-width: 819px; --smush-placeholder-aspect-ratio: 819\/1024;width:512px;height:auto\" data-srcset=\"https:\/\/couture-sch.fr\/wp-content\/uploads\/2025\/08\/STAGE-POLOCHON-819x1024.png 819w, https:\/\/couture-sch.fr\/wp-content\/uploads\/2025\/08\/STAGE-POLOCHON-240x300.png 240w, https:\/\/couture-sch.fr\/wp-content\/uploads\/2025\/08\/STAGE-POLOCHON-768x960.png 768w, https:\/\/couture-sch.fr\/wp-content\/uploads\/2025\/08\/STAGE-POLOCHON.png 1080w\" data-sizes=\"(max-width: 819px) 100vw, 819px\" src=\"data:image\/svg+xml;base64,PHN2ZyB3aWR0aD0iMSIgaGVpZ2h0PSIxIiB4bWxucz0iaHR0cDovL3d3dy53My5vcmcvMjAwMC9zdmciPjwvc3ZnPg==\" \/><\/figure>\n\n\n\n<p>Stage sac polochon 8ans et plus mercredi 20 et jeudi 21 Ao\u00fbt de 10h \u00e0 11h30 30\u20ac<\/p>\n\n\n\n<p>Pour les fournitures il vous faudra :<\/p>\n\n\n\n<p>-50cm\/140cm de tissu ( matelass\u00e9, jacquard, jeans o\u00f9 velours c\u00f4tel\u00e9)&nbsp;<\/p>\n\n\n\n<p>&#8211; une fermeture de 40cm<\/p>\n\n\n\n<p>&#8211; 2m80 de sangle&nbsp;<\/p>\n\n\n\n<p>( je m&rsquo;occupe de la doublure si vous souhaitez choisir aussi la&nbsp; doublure c&rsquo;est aussi 50cm\/140cm de tissu coton )<\/p>\n\n\n\n<p>D\u00e9j\u00e0 plus que 3 places \u00e0 pourvoir&nbsp;<img decoding=\"async\" alt=\"\ud83e\udd70\" data-src=\"https:\/\/fonts.gstatic.com\/s\/e\/notoemoji\/16.0\/1f970\/32.png\" src=\"data:image\/svg+xml;base64,PHN2ZyB3aWR0aD0iMSIgaGVpZ2h0PSIxIiB4bWxucz0iaHR0cDovL3d3dy53My5vcmcvMjAwMC9zdmciPjwvc3ZnPg==\" class=\"lazyload\"><img decoding=\"async\" alt=\"\ud83d\ude07\" data-src=\"https:\/\/fonts.gstatic.com\/s\/e\/notoemoji\/16.0\/1f607\/32.png\" src=\"data:image\/svg+xml;base64,PHN2ZyB3aWR0aD0iMSIgaGVpZ2h0PSIxIiB4bWxucz0iaHR0cDovL3d3dy53My5vcmcvMjAwMC9zdmciPjwvc3ZnPg==\" class=\"lazyload\"><\/p>\n\n\n\n<hr class=\"wp-block-separator has-alpha-channel-opacity\"\/>\n\n\n\n<p>Voici les <strong>stages<\/strong> que nous proposons cette <strong>\u00e9t\u00e9 chez D\u00e9s Ateliers<\/strong> au <strong>17 avenue de Cran \u00e0 Annecy<\/strong> avec<strong> R\u00e9jane Julliand <\/strong> (les p&rsquo;tites cueillettes)<\/p>\n\n\n\n<figure class=\"wp-block-gallery has-nested-images columns-default is-cropped wp-block-gallery-2 is-layout-flex wp-block-gallery-is-layout-flex\">\n<figure class=\"wp-block-image size-large is-style-default\"><a href=\"https:\/\/couture-sch.fr\/wp-content\/uploads\/2025\/06\/1.jpg\"><img decoding=\"async\" width=\"724\" height=\"1024\" data-id=\"264\" data-src=\"https:\/\/couture-sch.fr\/wp-content\/uploads\/2025\/06\/1-724x1024.jpg\" alt=\"\" class=\"wp-image-264 lazyload\" data-srcset=\"https:\/\/couture-sch.fr\/wp-content\/uploads\/2025\/06\/1-724x1024.jpg 724w, https:\/\/couture-sch.fr\/wp-content\/uploads\/2025\/06\/1-212x300.jpg 212w, https:\/\/couture-sch.fr\/wp-content\/uploads\/2025\/06\/1-768x1086.jpg 768w, https:\/\/couture-sch.fr\/wp-content\/uploads\/2025\/06\/1-1086x1536.jpg 1086w, https:\/\/couture-sch.fr\/wp-content\/uploads\/2025\/06\/1-1448x2048.jpg 1448w, https:\/\/couture-sch.fr\/wp-content\/uploads\/2025\/06\/1.jpg 1587w\" data-sizes=\"(max-width: 724px) 100vw, 724px\" src=\"data:image\/svg+xml;base64,PHN2ZyB3aWR0aD0iMSIgaGVpZ2h0PSIxIiB4bWxucz0iaHR0cDovL3d3dy53My5vcmcvMjAwMC9zdmciPjwvc3ZnPg==\" style=\"--smush-placeholder-width: 724px; --smush-placeholder-aspect-ratio: 724\/1024;\" \/><\/a><\/figure>\n\n\n\n<figure class=\"wp-block-image size-large wp-duotone-unset-1\"><a href=\"https:\/\/couture-sch.fr\/wp-content\/uploads\/2025\/06\/2.jpg\"><img decoding=\"async\" width=\"724\" height=\"1024\" data-id=\"265\" data-src=\"https:\/\/couture-sch.fr\/wp-content\/uploads\/2025\/06\/2-724x1024.jpg\" alt=\"\" class=\"wp-image-265 lazyload\" data-srcset=\"https:\/\/couture-sch.fr\/wp-content\/uploads\/2025\/06\/2-724x1024.jpg 724w, https:\/\/couture-sch.fr\/wp-content\/uploads\/2025\/06\/2-212x300.jpg 212w, https:\/\/couture-sch.fr\/wp-content\/uploads\/2025\/06\/2-768x1086.jpg 768w, https:\/\/couture-sch.fr\/wp-content\/uploads\/2025\/06\/2-1086x1536.jpg 1086w, https:\/\/couture-sch.fr\/wp-content\/uploads\/2025\/06\/2-1448x2048.jpg 1448w, https:\/\/couture-sch.fr\/wp-content\/uploads\/2025\/06\/2.jpg 1587w\" data-sizes=\"(max-width: 724px) 100vw, 724px\" src=\"data:image\/svg+xml;base64,PHN2ZyB3aWR0aD0iMSIgaGVpZ2h0PSIxIiB4bWxucz0iaHR0cDovL3d3dy53My5vcmcvMjAwMC9zdmciPjwvc3ZnPg==\" style=\"--smush-placeholder-width: 724px; --smush-placeholder-aspect-ratio: 724\/1024;\" \/><\/a><\/figure>\n<\/figure>\n\n\n\n<div class=\"wp-block-query alignfull is-layout-flow wp-block-query-is-layout-flow\">\n<div class=\"wp-block-group alignfull\" style=\"padding-top:0;padding-right:0;padding-bottom:0;padding-left:0\"><div class=\"wp-block-group__inner-container is-layout-flow wp-block-group-is-layout-flow\"><ul style=\"text-transform:none;\" class=\"wp-block-post-template is-layout-flow wp-block-post-template-is-layout-flow\"><li class=\"wp-block-post post-356 post type-post status-publish format-standard has-post-thumbnail hentry category-article-broderie\">\n\n<div class=\"wp-block-group\" style=\"border-bottom-color:var(--wp--preset--color--contrast);border-bottom-width:1px\"><div class=\"wp-block-group__inner-container is-layout-flow wp-block-group-is-layout-flow\">\n<div class=\"wp-block-group is-content-justification-space-between is-nowrap is-layout-flex wp-container-core-group-is-layout-55e093fa wp-block-group-is-layout-flex\" style=\"padding-top:16px;padding-right:16px;padding-bottom:16px;padding-left:16px\">\n<div class=\"wp-block-group is-nowrap is-layout-flex wp-container-core-group-is-layout-236abb9a wp-block-group-is-layout-flex\">\n<p>\u2734\ufe0e<\/p>\n\n\n<div style=\"text-transform:uppercase; margin-top:0;margin-right:0;margin-bottom:0;margin-left:0;\" class=\"has-text-align-left has-link-color wp-elements-c2d22607ed32bab79e93ee116eca0bca wp-block-post-date has-text-color has-contrast-color has-small-font-size\"><time datetime=\"2025-07-01T17:21:06+02:00\">Juil 1, 2025<\/time><\/div><\/div>\n\n\n<div style=\"text-transform:uppercase\" class=\"taxonomy-category has-link-color wp-elements-d846021732facad792835971f80af878 wp-block-post-terms has-text-color has-contrast-color\"><span class=\"wp-block-post-terms__prefix\">\u2734\ufe0e <\/span><a href=\"https:\/\/couture-sch.fr\/index.php\/category\/article-broderie\/\" rel=\"tag\">article broderie<\/a><\/div><\/div>\n<\/div><\/div>\n\n\n\n<div class=\"wp-block-group is-vertical is-layout-flex wp-container-core-group-is-layout-1134e2f3 wp-block-group-is-layout-flex\" style=\"padding-top:16px;padding-right:16px;padding-bottom:var(--wp--preset--spacing--70);padding-left:16px\"><h2 style=\"font-size:3rem;font-style:normal;font-weight:500;line-height:1.1;text-transform:uppercase; margin-top:0;margin-right:0;margin-bottom:0;margin-left:0;\" class=\"has-link-color wp-elements-3b898fdefc9eb23add523f2e8c35a763 wp-block-post-title has-text-color has-contrast-color\"><a href=\"https:\/\/couture-sch.fr\/index.php\/2025\/07\/01\/quelques-points-de-broderies-pour-les-dessins-danimaux\/\" target=\"_self\" >Quelques points de broderies<\/a><\/h2><\/div>\n\n<\/li><\/ul><\/div><\/div>\n\n\n\n<div class=\"wp-block-group\" style=\"margin-top:0;margin-bottom:0;padding-top:var(--wp--preset--spacing--30);padding-right:16px;padding-bottom:var(--wp--preset--spacing--30);padding-left:16px\"><div class=\"wp-block-group__inner-container is-layout-flow wp-block-group-is-layout-flow\"><\/div><\/div>\n<\/div>\n\n\n\n<p><\/p>\n","protected":false},"excerpt":{"rendered":"<p>Depuis peu de temps \u00e0 la boutique &hellip;<\/p>\n","protected":false},"author":1,"featured_media":0,"parent":0,"menu_order":0,"comment_status":"closed","ping_status":"closed","template":"","meta":{"footnotes":""},"class_list":["post-174","page","type-page","status-publish","hentry"],"yoast_head":"<!-- This site is optimized with the Yoast SEO plugin v27.4 - https:\/\/yoast.com\/product\/yoast-seo-wordpress\/ -->\n<title>Actualit\u00e9s\/ Blog - Couture SCH<\/title>\n<meta name=\"robots\" content=\"index, follow, max-snippet:-1, max-image-preview:large, max-video-preview:-1\" \/>\n<link rel=\"canonical\" href=\"https:\/\/couture-sch.fr\/index.php\/actualites\/\" \/>\n<meta property=\"og:locale\" content=\"fr_FR\" \/>\n<meta property=\"og:type\" content=\"article\" \/>\n<meta property=\"og:title\" content=\"Actualit\u00e9s\/ Blog - Couture SCH\" \/>\n<meta property=\"og:description\" content=\"Depuis peu de temps \u00e0 la boutique &hellip;\" \/>\n<meta property=\"og:url\" content=\"https:\/\/couture-sch.fr\/index.php\/actualites\/\" \/>\n<meta property=\"og:site_name\" content=\"Couture SCH\" \/>\n<meta property=\"article:publisher\" content=\"https:\/\/www.facebook.com\/camilleschaeffner\" \/>\n<meta property=\"article:modified_time\" content=\"2026-04-06T11:01:09+00:00\" \/>\n<meta property=\"og:image\" content=\"https:\/\/couture-sch.fr\/wp-content\/uploads\/2026\/01\/vacances-hiver-25-26.png\" \/>\n\t<meta property=\"og:image:width\" content=\"1587\" \/>\n\t<meta property=\"og:image:height\" content=\"2245\" \/>\n\t<meta property=\"og:image:type\" content=\"image\/png\" \/>\n<meta name=\"twitter:card\" content=\"summary_large_image\" \/>\n<meta name=\"twitter:label1\" content=\"Dur\u00e9e de lecture estim\u00e9e\" \/>\n\t<meta name=\"twitter:data1\" content=\"3 minutes\" \/>\n<script type=\"application\/ld+json\" class=\"yoast-schema-graph\">{\"@context\":\"https:\\\/\\\/schema.org\",\"@graph\":[{\"@type\":\"WebPage\",\"@id\":\"https:\\\/\\\/couture-sch.fr\\\/index.php\\\/actualites\\\/\",\"url\":\"https:\\\/\\\/couture-sch.fr\\\/index.php\\\/actualites\\\/\",\"name\":\"Actualit\u00e9s\\\/ Blog - Couture SCH\",\"isPartOf\":{\"@id\":\"https:\\\/\\\/couture-sch.fr\\\/#website\"},\"primaryImageOfPage\":{\"@id\":\"https:\\\/\\\/couture-sch.fr\\\/index.php\\\/actualites\\\/#primaryimage\"},\"image\":{\"@id\":\"https:\\\/\\\/couture-sch.fr\\\/index.php\\\/actualites\\\/#primaryimage\"},\"thumbnailUrl\":\"https:\\\/\\\/couture-sch.fr\\\/wp-content\\\/uploads\\\/2026\\\/01\\\/vacances-hiver-25-26-724x1024.png\",\"datePublished\":\"2025-06-03T11:18:26+00:00\",\"dateModified\":\"2026-04-06T11:01:09+00:00\",\"breadcrumb\":{\"@id\":\"https:\\\/\\\/couture-sch.fr\\\/index.php\\\/actualites\\\/#breadcrumb\"},\"inLanguage\":\"fr-FR\",\"potentialAction\":[{\"@type\":\"ReadAction\",\"target\":[\"https:\\\/\\\/couture-sch.fr\\\/index.php\\\/actualites\\\/\"]}]},{\"@type\":\"ImageObject\",\"inLanguage\":\"fr-FR\",\"@id\":\"https:\\\/\\\/couture-sch.fr\\\/index.php\\\/actualites\\\/#primaryimage\",\"url\":\"https:\\\/\\\/couture-sch.fr\\\/wp-content\\\/uploads\\\/2026\\\/01\\\/vacances-hiver-25-26.png\",\"contentUrl\":\"https:\\\/\\\/couture-sch.fr\\\/wp-content\\\/uploads\\\/2026\\\/01\\\/vacances-hiver-25-26.png\",\"width\":1587,\"height\":2245,\"caption\":\"vacances hiver 25 26\"},{\"@type\":\"BreadcrumbList\",\"@id\":\"https:\\\/\\\/couture-sch.fr\\\/index.php\\\/actualites\\\/#breadcrumb\",\"itemListElement\":[{\"@type\":\"ListItem\",\"position\":1,\"name\":\"Accueil\",\"item\":\"https:\\\/\\\/couture-sch.fr\\\/\"},{\"@type\":\"ListItem\",\"position\":2,\"name\":\"Actualit\u00e9s\\\/ Blog\"}]},{\"@type\":\"WebSite\",\"@id\":\"https:\\\/\\\/couture-sch.fr\\\/#website\",\"url\":\"https:\\\/\\\/couture-sch.fr\\\/\",\"name\":\"Couture SCH\",\"description\":\"Cours de couture\\\/Broderie et cr\u00e9ation sur demande\",\"publisher\":{\"@id\":\"https:\\\/\\\/couture-sch.fr\\\/#\\\/schema\\\/person\\\/b73c054936a6b2606e022a4fba1ecd98\"},\"potentialAction\":[{\"@type\":\"SearchAction\",\"target\":{\"@type\":\"EntryPoint\",\"urlTemplate\":\"https:\\\/\\\/couture-sch.fr\\\/?s={search_term_string}\"},\"query-input\":{\"@type\":\"PropertyValueSpecification\",\"valueRequired\":true,\"valueName\":\"search_term_string\"}}],\"inLanguage\":\"fr-FR\"},{\"@type\":[\"Person\",\"Organization\"],\"@id\":\"https:\\\/\\\/couture-sch.fr\\\/#\\\/schema\\\/person\\\/b73c054936a6b2606e022a4fba1ecd98\",\"name\":\"admin8431\",\"image\":{\"@type\":\"ImageObject\",\"inLanguage\":\"fr-FR\",\"@id\":\"https:\\\/\\\/couture-sch.fr\\\/wp-content\\\/uploads\\\/2025\\\/05\\\/cropped-cropped-01-camaille-logoWith-Trans-Type-2-scaled-1.png\",\"url\":\"https:\\\/\\\/couture-sch.fr\\\/wp-content\\\/uploads\\\/2025\\\/05\\\/cropped-cropped-01-camaille-logoWith-Trans-Type-2-scaled-1.png\",\"contentUrl\":\"https:\\\/\\\/couture-sch.fr\\\/wp-content\\\/uploads\\\/2025\\\/05\\\/cropped-cropped-01-camaille-logoWith-Trans-Type-2-scaled-1.png\",\"width\":512,\"height\":512,\"caption\":\"admin8431\"},\"logo\":{\"@id\":\"https:\\\/\\\/couture-sch.fr\\\/wp-content\\\/uploads\\\/2025\\\/05\\\/cropped-cropped-01-camaille-logoWith-Trans-Type-2-scaled-1.png\"},\"sameAs\":[\"http:\\\/\\\/couture-sch.fr\",\"https:\\\/\\\/www.facebook.com\\\/camilleschaeffner\",\"https:\\\/\\\/www.instagram.com\\\/sch.couture\\\/\",\"https:\\\/\\\/www.linkedin.com\\\/in\\\/camille-schaeffner-5146499a\\\/\"]}]}<\/script>\n<!-- \/ Yoast SEO plugin. -->","yoast_head_json":{"title":"Actualit\u00e9s\/ Blog - Couture SCH","robots":{"index":"index","follow":"follow","max-snippet":"max-snippet:-1","max-image-preview":"max-image-preview:large","max-video-preview":"max-video-preview:-1"},"canonical":"https:\/\/couture-sch.fr\/index.php\/actualites\/","og_locale":"fr_FR","og_type":"article","og_title":"Actualit\u00e9s\/ Blog - Couture SCH","og_description":"Depuis peu de temps \u00e0 la boutique &hellip;","og_url":"https:\/\/couture-sch.fr\/index.php\/actualites\/","og_site_name":"Couture SCH","article_publisher":"https:\/\/www.facebook.com\/camilleschaeffner","article_modified_time":"2026-04-06T11:01:09+00:00","og_image":[{"width":1587,"height":2245,"url":"https:\/\/couture-sch.fr\/wp-content\/uploads\/2026\/01\/vacances-hiver-25-26.png","type":"image\/png"}],"twitter_card":"summary_large_image","twitter_misc":{"Dur\u00e9e de lecture estim\u00e9e":"3 minutes"},"schema":{"@context":"https:\/\/schema.org","@graph":[{"@type":"WebPage","@id":"https:\/\/couture-sch.fr\/index.php\/actualites\/","url":"https:\/\/couture-sch.fr\/index.php\/actualites\/","name":"Actualit\u00e9s\/ Blog - Couture SCH","isPartOf":{"@id":"https:\/\/couture-sch.fr\/#website"},"primaryImageOfPage":{"@id":"https:\/\/couture-sch.fr\/index.php\/actualites\/#primaryimage"},"image":{"@id":"https:\/\/couture-sch.fr\/index.php\/actualites\/#primaryimage"},"thumbnailUrl":"https:\/\/couture-sch.fr\/wp-content\/uploads\/2026\/01\/vacances-hiver-25-26-724x1024.png","datePublished":"2025-06-03T11:18:26+00:00","dateModified":"2026-04-06T11:01:09+00:00","breadcrumb":{"@id":"https:\/\/couture-sch.fr\/index.php\/actualites\/#breadcrumb"},"inLanguage":"fr-FR","potentialAction":[{"@type":"ReadAction","target":["https:\/\/couture-sch.fr\/index.php\/actualites\/"]}]},{"@type":"ImageObject","inLanguage":"fr-FR","@id":"https:\/\/couture-sch.fr\/index.php\/actualites\/#primaryimage","url":"https:\/\/couture-sch.fr\/wp-content\/uploads\/2026\/01\/vacances-hiver-25-26.png","contentUrl":"https:\/\/couture-sch.fr\/wp-content\/uploads\/2026\/01\/vacances-hiver-25-26.png","width":1587,"height":2245,"caption":"vacances hiver 25 26"},{"@type":"BreadcrumbList","@id":"https:\/\/couture-sch.fr\/index.php\/actualites\/#breadcrumb","itemListElement":[{"@type":"ListItem","position":1,"name":"Accueil","item":"https:\/\/couture-sch.fr\/"},{"@type":"ListItem","position":2,"name":"Actualit\u00e9s\/ Blog"}]},{"@type":"WebSite","@id":"https:\/\/couture-sch.fr\/#website","url":"https:\/\/couture-sch.fr\/","name":"Couture SCH","description":"Cours de couture\/Broderie et cr\u00e9ation sur demande","publisher":{"@id":"https:\/\/couture-sch.fr\/#\/schema\/person\/b73c054936a6b2606e022a4fba1ecd98"},"potentialAction":[{"@type":"SearchAction","target":{"@type":"EntryPoint","urlTemplate":"https:\/\/couture-sch.fr\/?s={search_term_string}"},"query-input":{"@type":"PropertyValueSpecification","valueRequired":true,"valueName":"search_term_string"}}],"inLanguage":"fr-FR"},{"@type":["Person","Organization"],"@id":"https:\/\/couture-sch.fr\/#\/schema\/person\/b73c054936a6b2606e022a4fba1ecd98","name":"admin8431","image":{"@type":"ImageObject","inLanguage":"fr-FR","@id":"https:\/\/couture-sch.fr\/wp-content\/uploads\/2025\/05\/cropped-cropped-01-camaille-logoWith-Trans-Type-2-scaled-1.png","url":"https:\/\/couture-sch.fr\/wp-content\/uploads\/2025\/05\/cropped-cropped-01-camaille-logoWith-Trans-Type-2-scaled-1.png","contentUrl":"https:\/\/couture-sch.fr\/wp-content\/uploads\/2025\/05\/cropped-cropped-01-camaille-logoWith-Trans-Type-2-scaled-1.png","width":512,"height":512,"caption":"admin8431"},"logo":{"@id":"https:\/\/couture-sch.fr\/wp-content\/uploads\/2025\/05\/cropped-cropped-01-camaille-logoWith-Trans-Type-2-scaled-1.png"},"sameAs":["http:\/\/couture-sch.fr","https:\/\/www.facebook.com\/camilleschaeffner","https:\/\/www.instagram.com\/sch.couture\/","https:\/\/www.linkedin.com\/in\/camille-schaeffner-5146499a\/"]}]}},"jetpack_sharing_enabled":true,"_links":{"self":[{"href":"https:\/\/couture-sch.fr\/index.php\/wp-json\/wp\/v2\/pages\/174","targetHints":{"allow":["GET"]}}],"collection":[{"href":"https:\/\/couture-sch.fr\/index.php\/wp-json\/wp\/v2\/pages"}],"about":[{"href":"https:\/\/couture-sch.fr\/index.php\/wp-json\/wp\/v2\/types\/page"}],"author":[{"embeddable":true,"href":"https:\/\/couture-sch.fr\/index.php\/wp-json\/wp\/v2\/users\/1"}],"replies":[{"embeddable":true,"href":"https:\/\/couture-sch.fr\/index.php\/wp-json\/wp\/v2\/comments?post=174"}],"version-history":[{"count":14,"href":"https:\/\/couture-sch.fr\/index.php\/wp-json\/wp\/v2\/pages\/174\/revisions"}],"predecessor-version":[{"id":473,"href":"https:\/\/couture-sch.fr\/index.php\/wp-json\/wp\/v2\/pages\/174\/revisions\/473"}],"wp:attachment":[{"href":"https:\/\/couture-sch.fr\/index.php\/wp-json\/wp\/v2\/media?parent=174"}],"curies":[{"name":"wp","href":"https:\/\/api.w.org\/{rel}","templated":true}]}}