{"id":228,"date":"2025-06-09T11:39:07","date_gmt":"2025-06-09T09:39:07","guid":{"rendered":"https:\/\/couture-sch.fr\/?page_id=228"},"modified":"2025-06-20T14:58:45","modified_gmt":"2025-06-20T12:58:45","slug":"tutoriel-broderie","status":"publish","type":"page","link":"https:\/\/couture-sch.fr\/index.php\/cours-de-broderie\/tutoriel-broderie\/","title":{"rendered":"Tutoriel Broderie"},"content":{"rendered":"\n<p>Si vous souhaitez commencer la broderie de votre c\u00f4t\u00e9 voici quelques <strong>tutoriels gratuit \u00e0 t\u00e9l\u00e9charger<\/strong> <\/p>\n\n\n\n<p>( cliquez sur l&rsquo;image)<\/p>\n\n\n\n<figure class=\"wp-block-gallery has-nested-images columns-default is-cropped wp-block-gallery-1 is-layout-flex wp-block-gallery-is-layout-flex\">\n<figure class=\"wp-block-image size-large\"><a href=\"https:\/\/couture-sch.fr\/wp-content\/uploads\/2025\/06\/tutoriel-Amour-sur-vous.pdf\" target=\"_blank\" rel=\" noreferrer noopener\"><img decoding=\"async\" width=\"819\" height=\"1024\" data-id=\"234\" data-src=\"https:\/\/couture-sch.fr\/wp-content\/uploads\/2025\/06\/amour-sur-vous-819x1024.jpg\" alt=\"\" class=\"wp-image-234 lazyload\" data-srcset=\"https:\/\/couture-sch.fr\/wp-content\/uploads\/2025\/06\/amour-sur-vous-819x1024.jpg 819w, https:\/\/couture-sch.fr\/wp-content\/uploads\/2025\/06\/amour-sur-vous-240x300.jpg 240w, https:\/\/couture-sch.fr\/wp-content\/uploads\/2025\/06\/amour-sur-vous-768x960.jpg 768w, https:\/\/couture-sch.fr\/wp-content\/uploads\/2025\/06\/amour-sur-vous-1229x1536.jpg 1229w, https:\/\/couture-sch.fr\/wp-content\/uploads\/2025\/06\/amour-sur-vous-1638x2048.jpg 1638w, https:\/\/couture-sch.fr\/wp-content\/uploads\/2025\/06\/amour-sur-vous-scaled.jpg 2048w\" data-sizes=\"(max-width: 819px) 100vw, 819px\" src=\"data:image\/svg+xml;base64,PHN2ZyB3aWR0aD0iMSIgaGVpZ2h0PSIxIiB4bWxucz0iaHR0cDovL3d3dy53My5vcmcvMjAwMC9zdmciPjwvc3ZnPg==\" style=\"--smush-placeholder-width: 819px; --smush-placeholder-aspect-ratio: 819\/1024;\" \/><\/a><figcaption class=\"wp-element-caption\">Amour sur vous<\/figcaption><\/figure>\n\n\n\n<figure class=\"wp-block-image size-large\"><a href=\"https:\/\/couture-sch.fr\/wp-content\/uploads\/2025\/06\/tutoriel-TURTLE.pdf\" target=\"_blank\" rel=\" noreferrer noopener\"><img decoding=\"async\" width=\"820\" height=\"1024\" data-id=\"238\" data-src=\"https:\/\/couture-sch.fr\/wp-content\/uploads\/2025\/06\/Polish_20240424_091102200-820x1024.jpg\" alt=\"turtle\" class=\"wp-image-238 lazyload\" data-srcset=\"https:\/\/couture-sch.fr\/wp-content\/uploads\/2025\/06\/Polish_20240424_091102200-820x1024.jpg 820w, https:\/\/couture-sch.fr\/wp-content\/uploads\/2025\/06\/Polish_20240424_091102200-240x300.jpg 240w, https:\/\/couture-sch.fr\/wp-content\/uploads\/2025\/06\/Polish_20240424_091102200-768x960.jpg 768w, https:\/\/couture-sch.fr\/wp-content\/uploads\/2025\/06\/Polish_20240424_091102200-1229x1536.jpg 1229w, https:\/\/couture-sch.fr\/wp-content\/uploads\/2025\/06\/Polish_20240424_091102200-1639x2048.jpg 1639w\" data-sizes=\"(max-width: 820px) 100vw, 820px\" src=\"data:image\/svg+xml;base64,PHN2ZyB3aWR0aD0iMSIgaGVpZ2h0PSIxIiB4bWxucz0iaHR0cDovL3d3dy53My5vcmcvMjAwMC9zdmciPjwvc3ZnPg==\" style=\"--smush-placeholder-width: 820px; --smush-placeholder-aspect-ratio: 820\/1024;\" \/><\/a><figcaption class=\"wp-element-caption\">Turtle<\/figcaption><\/figure>\n\n\n\n<figure class=\"wp-block-image size-large\"><a href=\"https:\/\/couture-sch.fr\/wp-content\/uploads\/2025\/06\/tutoriel-Mandala-etoile.pdf\" target=\"_blank\" rel=\" noreferrer noopener\"><img decoding=\"async\" width=\"819\" height=\"1024\" data-id=\"240\" data-src=\"https:\/\/couture-sch.fr\/wp-content\/uploads\/2025\/06\/Polish_20221109_111843713-819x1024.jpg\" alt=\"\" class=\"wp-image-240 lazyload\" data-srcset=\"https:\/\/couture-sch.fr\/wp-content\/uploads\/2025\/06\/Polish_20221109_111843713-819x1024.jpg 819w, https:\/\/couture-sch.fr\/wp-content\/uploads\/2025\/06\/Polish_20221109_111843713-240x300.jpg 240w, https:\/\/couture-sch.fr\/wp-content\/uploads\/2025\/06\/Polish_20221109_111843713-768x960.jpg 768w, https:\/\/couture-sch.fr\/wp-content\/uploads\/2025\/06\/Polish_20221109_111843713-1229x1536.jpg 1229w, https:\/\/couture-sch.fr\/wp-content\/uploads\/2025\/06\/Polish_20221109_111843713-1638x2048.jpg 1638w, https:\/\/couture-sch.fr\/wp-content\/uploads\/2025\/06\/Polish_20221109_111843713-scaled.jpg 2048w\" data-sizes=\"(max-width: 819px) 100vw, 819px\" src=\"data:image\/svg+xml;base64,PHN2ZyB3aWR0aD0iMSIgaGVpZ2h0PSIxIiB4bWxucz0iaHR0cDovL3d3dy53My5vcmcvMjAwMC9zdmciPjwvc3ZnPg==\" style=\"--smush-placeholder-width: 819px; --smush-placeholder-aspect-ratio: 819\/1024;\" \/><\/a><figcaption class=\"wp-element-caption\">Mandala \u00e9toile<\/figcaption><\/figure>\n<\/figure>\n\n\n\n<p><\/p>\n","protected":false},"excerpt":{"rendered":"<p>Si vous souhaitez commencer la broderie de &hellip;<\/p>\n","protected":false},"author":1,"featured_media":0,"parent":24,"menu_order":0,"comment_status":"closed","ping_status":"closed","template":"","meta":{"footnotes":""},"class_list":["post-228","page","type-page","status-publish","hentry"],"yoast_head":"<!-- This site is optimized with the Yoast SEO plugin v27.4 - https:\/\/yoast.com\/product\/yoast-seo-wordpress\/ -->\n<title>Tutoriel Broderie - Couture SCH<\/title>\n<meta name=\"robots\" content=\"index, follow, max-snippet:-1, max-image-preview:large, max-video-preview:-1\" \/>\n<link rel=\"canonical\" href=\"https:\/\/couture-sch.fr\/index.php\/cours-de-broderie\/tutoriel-broderie\/\" \/>\n<meta property=\"og:locale\" content=\"fr_FR\" \/>\n<meta property=\"og:type\" content=\"article\" \/>\n<meta property=\"og:title\" content=\"Tutoriel Broderie - Couture SCH\" \/>\n<meta property=\"og:description\" content=\"Si vous souhaitez commencer la broderie de &hellip;\" \/>\n<meta property=\"og:url\" content=\"https:\/\/couture-sch.fr\/index.php\/cours-de-broderie\/tutoriel-broderie\/\" \/>\n<meta property=\"og:site_name\" content=\"Couture SCH\" \/>\n<meta property=\"article:publisher\" content=\"https:\/\/www.facebook.com\/camilleschaeffner\" \/>\n<meta property=\"article:modified_time\" content=\"2025-06-20T12:58:45+00:00\" \/>\n<meta property=\"og:image\" content=\"https:\/\/couture-sch.fr\/wp-content\/uploads\/2025\/06\/amour-sur-vous-scaled.jpg\" \/>\n\t<meta property=\"og:image:width\" content=\"2048\" \/>\n\t<meta property=\"og:image:height\" content=\"2560\" \/>\n\t<meta property=\"og:image:type\" content=\"image\/jpeg\" \/>\n<meta name=\"twitter:card\" content=\"summary_large_image\" \/>\n<meta name=\"twitter:label1\" content=\"Dur\u00e9e de lecture estim\u00e9e\" \/>\n\t<meta name=\"twitter:data1\" content=\"1 minute\" \/>\n<script type=\"application\/ld+json\" class=\"yoast-schema-graph\">{\"@context\":\"https:\\\/\\\/schema.org\",\"@graph\":[{\"@type\":\"WebPage\",\"@id\":\"https:\\\/\\\/couture-sch.fr\\\/index.php\\\/cours-de-broderie\\\/tutoriel-broderie\\\/\",\"url\":\"https:\\\/\\\/couture-sch.fr\\\/index.php\\\/cours-de-broderie\\\/tutoriel-broderie\\\/\",\"name\":\"Tutoriel Broderie - Couture SCH\",\"isPartOf\":{\"@id\":\"https:\\\/\\\/couture-sch.fr\\\/#website\"},\"primaryImageOfPage\":{\"@id\":\"https:\\\/\\\/couture-sch.fr\\\/index.php\\\/cours-de-broderie\\\/tutoriel-broderie\\\/#primaryimage\"},\"image\":{\"@id\":\"https:\\\/\\\/couture-sch.fr\\\/index.php\\\/cours-de-broderie\\\/tutoriel-broderie\\\/#primaryimage\"},\"thumbnailUrl\":\"https:\\\/\\\/couture-sch.fr\\\/wp-content\\\/uploads\\\/2025\\\/06\\\/amour-sur-vous-819x1024.jpg\",\"datePublished\":\"2025-06-09T09:39:07+00:00\",\"dateModified\":\"2025-06-20T12:58:45+00:00\",\"breadcrumb\":{\"@id\":\"https:\\\/\\\/couture-sch.fr\\\/index.php\\\/cours-de-broderie\\\/tutoriel-broderie\\\/#breadcrumb\"},\"inLanguage\":\"fr-FR\",\"potentialAction\":[{\"@type\":\"ReadAction\",\"target\":[\"https:\\\/\\\/couture-sch.fr\\\/index.php\\\/cours-de-broderie\\\/tutoriel-broderie\\\/\"]}]},{\"@type\":\"ImageObject\",\"inLanguage\":\"fr-FR\",\"@id\":\"https:\\\/\\\/couture-sch.fr\\\/index.php\\\/cours-de-broderie\\\/tutoriel-broderie\\\/#primaryimage\",\"url\":\"https:\\\/\\\/couture-sch.fr\\\/wp-content\\\/uploads\\\/2025\\\/06\\\/amour-sur-vous-scaled.jpg\",\"contentUrl\":\"https:\\\/\\\/couture-sch.fr\\\/wp-content\\\/uploads\\\/2025\\\/06\\\/amour-sur-vous-scaled.jpg\",\"width\":2048,\"height\":2560,\"caption\":\"Amour sur vous\"},{\"@type\":\"BreadcrumbList\",\"@id\":\"https:\\\/\\\/couture-sch.fr\\\/index.php\\\/cours-de-broderie\\\/tutoriel-broderie\\\/#breadcrumb\",\"itemListElement\":[{\"@type\":\"ListItem\",\"position\":1,\"name\":\"Accueil\",\"item\":\"https:\\\/\\\/couture-sch.fr\\\/\"},{\"@type\":\"ListItem\",\"position\":2,\"name\":\"Cours et Cr\u00e9ations Broderie\",\"item\":\"https:\\\/\\\/couture-sch.fr\\\/index.php\\\/cours-de-broderie\\\/\"},{\"@type\":\"ListItem\",\"position\":3,\"name\":\"Tutoriel Broderie\"}]},{\"@type\":\"WebSite\",\"@id\":\"https:\\\/\\\/couture-sch.fr\\\/#website\",\"url\":\"https:\\\/\\\/couture-sch.fr\\\/\",\"name\":\"Couture SCH\",\"description\":\"Cours de couture\\\/Broderie et cr\u00e9ation sur demande\",\"publisher\":{\"@id\":\"https:\\\/\\\/couture-sch.fr\\\/#\\\/schema\\\/person\\\/b73c054936a6b2606e022a4fba1ecd98\"},\"potentialAction\":[{\"@type\":\"SearchAction\",\"target\":{\"@type\":\"EntryPoint\",\"urlTemplate\":\"https:\\\/\\\/couture-sch.fr\\\/?s={search_term_string}\"},\"query-input\":{\"@type\":\"PropertyValueSpecification\",\"valueRequired\":true,\"valueName\":\"search_term_string\"}}],\"inLanguage\":\"fr-FR\"},{\"@type\":[\"Person\",\"Organization\"],\"@id\":\"https:\\\/\\\/couture-sch.fr\\\/#\\\/schema\\\/person\\\/b73c054936a6b2606e022a4fba1ecd98\",\"name\":\"admin8431\",\"image\":{\"@type\":\"ImageObject\",\"inLanguage\":\"fr-FR\",\"@id\":\"https:\\\/\\\/couture-sch.fr\\\/wp-content\\\/uploads\\\/2025\\\/05\\\/cropped-cropped-01-camaille-logoWith-Trans-Type-2-scaled-1.png\",\"url\":\"https:\\\/\\\/couture-sch.fr\\\/wp-content\\\/uploads\\\/2025\\\/05\\\/cropped-cropped-01-camaille-logoWith-Trans-Type-2-scaled-1.png\",\"contentUrl\":\"https:\\\/\\\/couture-sch.fr\\\/wp-content\\\/uploads\\\/2025\\\/05\\\/cropped-cropped-01-camaille-logoWith-Trans-Type-2-scaled-1.png\",\"width\":512,\"height\":512,\"caption\":\"admin8431\"},\"logo\":{\"@id\":\"https:\\\/\\\/couture-sch.fr\\\/wp-content\\\/uploads\\\/2025\\\/05\\\/cropped-cropped-01-camaille-logoWith-Trans-Type-2-scaled-1.png\"},\"sameAs\":[\"http:\\\/\\\/couture-sch.fr\",\"https:\\\/\\\/www.facebook.com\\\/camilleschaeffner\",\"https:\\\/\\\/www.instagram.com\\\/sch.couture\\\/\",\"https:\\\/\\\/www.linkedin.com\\\/in\\\/camille-schaeffner-5146499a\\\/\"]}]}<\/script>\n<!-- \/ Yoast SEO plugin. -->","yoast_head_json":{"title":"Tutoriel Broderie - Couture SCH","robots":{"index":"index","follow":"follow","max-snippet":"max-snippet:-1","max-image-preview":"max-image-preview:large","max-video-preview":"max-video-preview:-1"},"canonical":"https:\/\/couture-sch.fr\/index.php\/cours-de-broderie\/tutoriel-broderie\/","og_locale":"fr_FR","og_type":"article","og_title":"Tutoriel Broderie - Couture SCH","og_description":"Si vous souhaitez commencer la broderie de &hellip;","og_url":"https:\/\/couture-sch.fr\/index.php\/cours-de-broderie\/tutoriel-broderie\/","og_site_name":"Couture SCH","article_publisher":"https:\/\/www.facebook.com\/camilleschaeffner","article_modified_time":"2025-06-20T12:58:45+00:00","og_image":[{"width":2048,"height":2560,"url":"https:\/\/couture-sch.fr\/wp-content\/uploads\/2025\/06\/amour-sur-vous-scaled.jpg","type":"image\/jpeg"}],"twitter_card":"summary_large_image","twitter_misc":{"Dur\u00e9e de lecture estim\u00e9e":"1 minute"},"schema":{"@context":"https:\/\/schema.org","@graph":[{"@type":"WebPage","@id":"https:\/\/couture-sch.fr\/index.php\/cours-de-broderie\/tutoriel-broderie\/","url":"https:\/\/couture-sch.fr\/index.php\/cours-de-broderie\/tutoriel-broderie\/","name":"Tutoriel Broderie - Couture SCH","isPartOf":{"@id":"https:\/\/couture-sch.fr\/#website"},"primaryImageOfPage":{"@id":"https:\/\/couture-sch.fr\/index.php\/cours-de-broderie\/tutoriel-broderie\/#primaryimage"},"image":{"@id":"https:\/\/couture-sch.fr\/index.php\/cours-de-broderie\/tutoriel-broderie\/#primaryimage"},"thumbnailUrl":"https:\/\/couture-sch.fr\/wp-content\/uploads\/2025\/06\/amour-sur-vous-819x1024.jpg","datePublished":"2025-06-09T09:39:07+00:00","dateModified":"2025-06-20T12:58:45+00:00","breadcrumb":{"@id":"https:\/\/couture-sch.fr\/index.php\/cours-de-broderie\/tutoriel-broderie\/#breadcrumb"},"inLanguage":"fr-FR","potentialAction":[{"@type":"ReadAction","target":["https:\/\/couture-sch.fr\/index.php\/cours-de-broderie\/tutoriel-broderie\/"]}]},{"@type":"ImageObject","inLanguage":"fr-FR","@id":"https:\/\/couture-sch.fr\/index.php\/cours-de-broderie\/tutoriel-broderie\/#primaryimage","url":"https:\/\/couture-sch.fr\/wp-content\/uploads\/2025\/06\/amour-sur-vous-scaled.jpg","contentUrl":"https:\/\/couture-sch.fr\/wp-content\/uploads\/2025\/06\/amour-sur-vous-scaled.jpg","width":2048,"height":2560,"caption":"Amour sur vous"},{"@type":"BreadcrumbList","@id":"https:\/\/couture-sch.fr\/index.php\/cours-de-broderie\/tutoriel-broderie\/#breadcrumb","itemListElement":[{"@type":"ListItem","position":1,"name":"Accueil","item":"https:\/\/couture-sch.fr\/"},{"@type":"ListItem","position":2,"name":"Cours et Cr\u00e9ations Broderie","item":"https:\/\/couture-sch.fr\/index.php\/cours-de-broderie\/"},{"@type":"ListItem","position":3,"name":"Tutoriel Broderie"}]},{"@type":"WebSite","@id":"https:\/\/couture-sch.fr\/#website","url":"https:\/\/couture-sch.fr\/","name":"Couture SCH","description":"Cours de couture\/Broderie et cr\u00e9ation sur demande","publisher":{"@id":"https:\/\/couture-sch.fr\/#\/schema\/person\/b73c054936a6b2606e022a4fba1ecd98"},"potentialAction":[{"@type":"SearchAction","target":{"@type":"EntryPoint","urlTemplate":"https:\/\/couture-sch.fr\/?s={search_term_string}"},"query-input":{"@type":"PropertyValueSpecification","valueRequired":true,"valueName":"search_term_string"}}],"inLanguage":"fr-FR"},{"@type":["Person","Organization"],"@id":"https:\/\/couture-sch.fr\/#\/schema\/person\/b73c054936a6b2606e022a4fba1ecd98","name":"admin8431","image":{"@type":"ImageObject","inLanguage":"fr-FR","@id":"https:\/\/couture-sch.fr\/wp-content\/uploads\/2025\/05\/cropped-cropped-01-camaille-logoWith-Trans-Type-2-scaled-1.png","url":"https:\/\/couture-sch.fr\/wp-content\/uploads\/2025\/05\/cropped-cropped-01-camaille-logoWith-Trans-Type-2-scaled-1.png","contentUrl":"https:\/\/couture-sch.fr\/wp-content\/uploads\/2025\/05\/cropped-cropped-01-camaille-logoWith-Trans-Type-2-scaled-1.png","width":512,"height":512,"caption":"admin8431"},"logo":{"@id":"https:\/\/couture-sch.fr\/wp-content\/uploads\/2025\/05\/cropped-cropped-01-camaille-logoWith-Trans-Type-2-scaled-1.png"},"sameAs":["http:\/\/couture-sch.fr","https:\/\/www.facebook.com\/camilleschaeffner","https:\/\/www.instagram.com\/sch.couture\/","https:\/\/www.linkedin.com\/in\/camille-schaeffner-5146499a\/"]}]}},"jetpack_sharing_enabled":true,"_links":{"self":[{"href":"https:\/\/couture-sch.fr\/index.php\/wp-json\/wp\/v2\/pages\/228","targetHints":{"allow":["GET"]}}],"collection":[{"href":"https:\/\/couture-sch.fr\/index.php\/wp-json\/wp\/v2\/pages"}],"about":[{"href":"https:\/\/couture-sch.fr\/index.php\/wp-json\/wp\/v2\/types\/page"}],"author":[{"embeddable":true,"href":"https:\/\/couture-sch.fr\/index.php\/wp-json\/wp\/v2\/users\/1"}],"replies":[{"embeddable":true,"href":"https:\/\/couture-sch.fr\/index.php\/wp-json\/wp\/v2\/comments?post=228"}],"version-history":[{"count":7,"href":"https:\/\/couture-sch.fr\/index.php\/wp-json\/wp\/v2\/pages\/228\/revisions"}],"predecessor-version":[{"id":282,"href":"https:\/\/couture-sch.fr\/index.php\/wp-json\/wp\/v2\/pages\/228\/revisions\/282"}],"up":[{"embeddable":true,"href":"https:\/\/couture-sch.fr\/index.php\/wp-json\/wp\/v2\/pages\/24"}],"wp:attachment":[{"href":"https:\/\/couture-sch.fr\/index.php\/wp-json\/wp\/v2\/media?parent=228"}],"curies":[{"name":"wp","href":"https:\/\/api.w.org\/{rel}","templated":true}]}}